{"id":151,"date":"2018-05-21T20:15:33","date_gmt":"2018-05-21T17:15:33","guid":{"rendered":"http:\/\/www.sakuweb.net\/?page_id=151"},"modified":"2018-05-21T20:17:01","modified_gmt":"2018-05-21T17:17:01","slug":"myytavana","status":"publish","type":"page","link":"https:\/\/www.sakuweb.net\/index.php\/myytavana\/","title":{"rendered":"Myyt\u00e4v\u00e4n\u00e4"},"content":{"rendered":"<h3>MYYT\u00c4V\u00c4T LAITTEET<\/h3>\n<p>Joissain tilanteissa k\u00e4ytetty laite voi olla kustannustehokkaampi ja tarkoituksenmukaisempi kuin uusi<\/p>\n<p>V\u00e4lit\u00e4n k\u00e4ytettyj\u00e4 atk-laitteita haluaville p\u00e4\u00e4asiassa leasing-sopimuksista vapautuneita atk-laitteita &#8211; ensisijaisesti keskusyksik\u00f6it\u00e4, n\u00e4ytt\u00f6j\u00e4, konepaketteja, kannettavia tietokoneita ja tulostimia.<\/p>\n<p>Laitteiden kunto on testattu ja niille my\u00f6nnet\u00e4\u00e4n ostop\u00e4iv\u00e4st\u00e4 lukien 1 kk takuu. <\/p>\n<p>Saatavissa olevien laitteiden varastotilanne vaihtelee p\u00e4ivitt\u00e4in, joten tiedustele sinua kiinnostavia laitteita s\u00e4hk\u00f6postilla tai puhelimella <br \/>(<b>040-837 5132<\/b>)<\/p>\n","protected":false},"excerpt":{"rendered":"<p>MYYT\u00c4V\u00c4T LAITTEET Joissain tilanteissa k\u00e4ytetty laite voi olla kustannustehokkaampi ja tarkoituksenmukaisempi kuin uusi V\u00e4lit\u00e4n k\u00e4ytettyj\u00e4 atk-laitteita haluaville p\u00e4\u00e4asiassa leasing-sopimuksista vapautuneita atk-laitteita &#8211; ensisijaisesti keskusyksik\u00f6it\u00e4, n\u00e4ytt\u00f6j\u00e4, konepaketteja, kannettavia tietokoneita ja tulostimia. Laitteiden kunto on testattu ja niille my\u00f6nnet\u00e4\u00e4n ostop\u00e4iv\u00e4st\u00e4 lukien 1 kk takuu. Saatavissa olevien laitteiden varastotilanne vaihtelee p\u00e4ivitt\u00e4in, joten tiedustele sinua kiinnostavia laitteita s\u00e4hk\u00f6postilla tai [&hellip;]<\/p>\n","protected":false},"author":101011,"featured_media":0,"parent":0,"menu_order":0,"comment_status":"closed","ping_status":"closed","template":"","meta":{"footnotes":""},"class_list":["post-151","page","type-page","status-publish","hentry"],"_links":{"self":[{"href":"https:\/\/www.sakuweb.net\/index.php\/wp-json\/wp\/v2\/pages\/151","targetHints":{"allow":["GET"]}}],"collection":[{"href":"https:\/\/www.sakuweb.net\/index.php\/wp-json\/wp\/v2\/pages"}],"about":[{"href":"https:\/\/www.sakuweb.net\/index.php\/wp-json\/wp\/v2\/types\/page"}],"author":[{"embeddable":true,"href":"https:\/\/www.sakuweb.net\/index.php\/wp-json\/wp\/v2\/users\/101011"}],"replies":[{"embeddable":true,"href":"https:\/\/www.sakuweb.net\/index.php\/wp-json\/wp\/v2\/comments?post=151"}],"version-history":[{"count":3,"href":"https:\/\/www.sakuweb.net\/index.php\/wp-json\/wp\/v2\/pages\/151\/revisions"}],"predecessor-version":[{"id":155,"href":"https:\/\/www.sakuweb.net\/index.php\/wp-json\/wp\/v2\/pages\/151\/revisions\/155"}],"wp:attachment":[{"href":"https:\/\/www.sakuweb.net\/index.php\/wp-json\/wp\/v2\/media?parent=151"}],"curies":[{"name":"wp","href":"https:\/\/api.w.org\/{rel}","templated":true}]}}