{"id":148,"date":"2018-05-21T20:07:43","date_gmt":"2018-05-21T17:07:43","guid":{"rendered":"http:\/\/www.sakuweb.net\/?page_id=148"},"modified":"2026-01-14T10:56:06","modified_gmt":"2026-01-14T08:56:06","slug":"taitto","status":"publish","type":"page","link":"https:\/\/www.sakuweb.net\/index.php\/taitto\/","title":{"rendered":"Taitto"},"content":{"rendered":"<h3>TAITTO<\/h3>\n<p>Toteutan erilaisia taittot\u00f6it\u00e4 esitteist\u00e4 julisteisiin, lehdist\u00e4 kirjoihin.<\/p>\n<p>Taittoty\u00f6t voidaan toteuttaa joko halutun kirjapainon edellytt\u00e4m\u00e4ss\u00e4 tiedostomuodossa, tai tarvittaessa hankin lopullisen painoty\u00f6n toteuttajaksi asiakkaan tarpeita vastaavan painopaikan.<\/p>\n<p>Ensisijaisena taittoty\u00f6kaluna k\u00e4yt\u00f6ss\u00e4 on Adobe Indesign.<\/p>\n","protected":false},"excerpt":{"rendered":"<p>TAITTO Toteutan erilaisia taittot\u00f6it\u00e4 esitteist\u00e4 julisteisiin, lehdist\u00e4 kirjoihin. Taittoty\u00f6t voidaan toteuttaa joko halutun kirjapainon edellytt\u00e4m\u00e4ss\u00e4 tiedostomuodossa, tai tarvittaessa hankin lopullisen painoty\u00f6n toteuttajaksi asiakkaan tarpeita vastaavan painopaikan. Ensisijaisena taittoty\u00f6kaluna k\u00e4yt\u00f6ss\u00e4 on Adobe Indesign.<\/p>\n","protected":false},"author":101011,"featured_media":0,"parent":0,"menu_order":0,"comment_status":"closed","ping_status":"closed","template":"","meta":{"footnotes":""},"class_list":["post-148","page","type-page","status-publish","hentry"],"_links":{"self":[{"href":"https:\/\/www.sakuweb.net\/index.php\/wp-json\/wp\/v2\/pages\/148","targetHints":{"allow":["GET"]}}],"collection":[{"href":"https:\/\/www.sakuweb.net\/index.php\/wp-json\/wp\/v2\/pages"}],"about":[{"href":"https:\/\/www.sakuweb.net\/index.php\/wp-json\/wp\/v2\/types\/page"}],"author":[{"embeddable":true,"href":"https:\/\/www.sakuweb.net\/index.php\/wp-json\/wp\/v2\/users\/101011"}],"replies":[{"embeddable":true,"href":"https:\/\/www.sakuweb.net\/index.php\/wp-json\/wp\/v2\/comments?post=148"}],"version-history":[{"count":2,"href":"https:\/\/www.sakuweb.net\/index.php\/wp-json\/wp\/v2\/pages\/148\/revisions"}],"predecessor-version":[{"id":208,"href":"https:\/\/www.sakuweb.net\/index.php\/wp-json\/wp\/v2\/pages\/148\/revisions\/208"}],"wp:attachment":[{"href":"https:\/\/www.sakuweb.net\/index.php\/wp-json\/wp\/v2\/media?parent=148"}],"curies":[{"name":"wp","href":"https:\/\/api.w.org\/{rel}","templated":true}]}}