{"id":143,"date":"2018-05-21T20:01:44","date_gmt":"2018-05-21T17:01:44","guid":{"rendered":"http:\/\/www.sakuweb.net\/?page_id=143"},"modified":"2019-05-14T12:58:52","modified_gmt":"2019-05-14T09:58:52","slug":"verkko-ja-laitteet","status":"publish","type":"page","link":"https:\/\/www.sakuweb.net\/index.php\/verkko-ja-laitteet\/","title":{"rendered":"Verkko ja laitteet"},"content":{"rendered":"<h3>VERKKO- JA LAITERATKAISUT<\/h3>\n<p>Suunnittelen tilausty\u00f6n\u00e4 erilaisia verkkoratkaisuja.<br \/>\nSuunnittelu perustuu tarvekartoituksen lis\u00e4ksi olemassaolevien laite- ja verkkoresurssien kartoittamiseen. Tavoitteena on l\u00f6yt\u00e4\u00e4 asiakkaan kannalta kokonaisedullisimmat vaihtoehdot.<br \/>\nTietoturvakysymysten huomioiminen on keskeinen osa suunnittelua.<\/p>\n<p>Mik\u00e4li kokonaistaloudellisesti on tarkoituksenmukaista, pyrin suosimaan suunnittelussa Open Source \/ Linux-j\u00e4rjestelmien tarjoamia edullisia mahdollisuuksia.<\/p>\n<p>Konsultoin asiakasta laite- ja ohjelmistohankinnoissa, sek\u00e4 tarvittaessa suoritan verkon aktiivilaitteiden, sek\u00e4 ty\u00f6asemien asennusta ja konfigurointia.<\/p>\n<p><b>Asiakkaitteni k\u00e4ytt\u00f6\u00f6n olen asentanut ja konfiguroinut mm. seuraavia verkkosovelluksia:<\/b><\/p>\n<p><a href=\"http:\/\/www.magentocommerce.com\/blog\/category\/magento-community\/\" target=\"_blank\" rel=\"noopener noreferrer\">&#8211; Magento &#8211; verkkokauppasovellus<\/a><br \/>\n<a href=\"http:\/\/www.limesurvey.org\/\" target=\"_blank\" rel=\"noopener noreferrer\">&#8211; Lime Survey &#8211; mielipidekyselysovellus<\/a><br \/>\n<a href=\"http:\/\/www.sugarcrm.com\/crm\/\" target=\"_blank\" rel=\"noopener noreferrer\">&#8211; Sugar CRM &#8211; asiakkuudenhallintaj\u00e4rjestelm\u00e4<\/a><br \/>\n<a href=\"http:\/\/moodle.org\/\" target=\"_blank\" rel=\"noopener noreferrer\">&#8211; Moodle &#8211; verkko-oppimisymp\u00e4rist\u00f6<\/a><br \/>\n<a href=\"http:\/\/www.group-office.com\/\" target=\"_blank\" rel=\"noopener noreferrer\">&#8211; Group-Office &#8211; ty\u00f6ryhm\u00e4ohjelmisto<\/a><br \/>\n<a href=\"http:\/\/www.oscommerce.com\/\" target=\"_blank\" rel=\"noopener noreferrer\">&#8211; osCommerce &#8211; verkkokauppasovellus<\/a><br \/>\n<a href=\"http:\/\/www.clovershop.com\/index_fi.php\" target=\"_blank\" rel=\"noopener noreferrer\">&#8211; CloverShop &#8211; verkkokauppasovellus<\/a><br \/>\n<a href=\"http:\/\/www.joomla.org\/\" target=\"_blank\" rel=\"noopener noreferrer\">&#8211; Joomla &#8211; sis\u00e4ll\u00f6nhallintaj\u00e4rjestelm\u00e4<\/a><br \/>\n<a href=\"http:\/\/wordpress.org\/\" target=\"_blank\" rel=\"noopener noreferrer\">&#8211; WordPress &#8211; blogi\/sis\u00e4ll\u00f6nhallintaj\u00e4rjestelm\u00e4<\/a><br \/>\n<a href=\"http:\/\/www.cmsmadesimple.org\/\" target=\"_blank\" rel=\"noopener noreferrer\">&#8211; CMS Made Simple &#8211; sis\u00e4ll\u00f6nhallintaj\u00e4rjestelm\u00e4<\/a><br \/>\n<a href=\"http:\/\/www.phpbb.com\/\" target=\"_blank\" rel=\"noopener noreferrer\">&#8211; phpBB &#8211; keskustelufoorumisovellus<\/a><br \/>\n<a href=\"http:\/\/www.simplemachines.org\/\" target=\"_blank\" rel=\"noopener noreferrer\">&#8211; SimpleMachines &#8211; keskustelufoorumisovellus<\/a><\/p>\n<p><b>Lis\u00e4ksi kokemusta l\u00f6ytyy my\u00f6s www- ja tiedostopalvelinten asennuksista.<\/b><\/p>\n","protected":false},"excerpt":{"rendered":"<p>VERKKO- JA LAITERATKAISUT Suunnittelen tilausty\u00f6n\u00e4 erilaisia verkkoratkaisuja. Suunnittelu perustuu tarvekartoituksen lis\u00e4ksi olemassaolevien laite- ja verkkoresurssien kartoittamiseen. Tavoitteena on l\u00f6yt\u00e4\u00e4 asiakkaan kannalta kokonaisedullisimmat vaihtoehdot. Tietoturvakysymysten huomioiminen on keskeinen osa suunnittelua. Mik\u00e4li kokonaistaloudellisesti on tarkoituksenmukaista, pyrin suosimaan suunnittelussa Open Source \/ Linux-j\u00e4rjestelmien tarjoamia edullisia mahdollisuuksia. Konsultoin asiakasta laite- ja ohjelmistohankinnoissa, sek\u00e4 tarvittaessa suoritan verkon aktiivilaitteiden, sek\u00e4 ty\u00f6asemien [&hellip;]<\/p>\n","protected":false},"author":101011,"featured_media":0,"parent":0,"menu_order":0,"comment_status":"closed","ping_status":"closed","template":"","meta":{"footnotes":""},"class_list":["post-143","page","type-page","status-publish","hentry"],"_links":{"self":[{"href":"https:\/\/www.sakuweb.net\/index.php\/wp-json\/wp\/v2\/pages\/143","targetHints":{"allow":["GET"]}}],"collection":[{"href":"https:\/\/www.sakuweb.net\/index.php\/wp-json\/wp\/v2\/pages"}],"about":[{"href":"https:\/\/www.sakuweb.net\/index.php\/wp-json\/wp\/v2\/types\/page"}],"author":[{"embeddable":true,"href":"https:\/\/www.sakuweb.net\/index.php\/wp-json\/wp\/v2\/users\/101011"}],"replies":[{"embeddable":true,"href":"https:\/\/www.sakuweb.net\/index.php\/wp-json\/wp\/v2\/comments?post=143"}],"version-history":[{"count":4,"href":"https:\/\/www.sakuweb.net\/index.php\/wp-json\/wp\/v2\/pages\/143\/revisions"}],"predecessor-version":[{"id":173,"href":"https:\/\/www.sakuweb.net\/index.php\/wp-json\/wp\/v2\/pages\/143\/revisions\/173"}],"wp:attachment":[{"href":"https:\/\/www.sakuweb.net\/index.php\/wp-json\/wp\/v2\/media?parent=143"}],"curies":[{"name":"wp","href":"https:\/\/api.w.org\/{rel}","templated":true}]}}