{"id":139,"date":"2018-05-21T19:59:26","date_gmt":"2018-05-21T16:59:26","guid":{"rendered":"http:\/\/www.sakuweb.net\/?page_id=139"},"modified":"2019-06-10T12:24:53","modified_gmt":"2019-06-10T09:24:53","slug":"www","status":"publish","type":"page","link":"https:\/\/www.sakuweb.net\/index.php\/www\/","title":{"rendered":"www"},"content":{"rendered":"<h3>WWW-TOTEUTUKSET<\/h3>\n<p>Teen kotisivutoteutuksia, niin yritysten, yhteis\u00f6jen kuin yksityishenkil\u00f6idenkin tarpeisiin. Tavoitteena on toteuttaa kulloinenkin tekeill\u00e4 oleva sivusto mahdollisimman hyvin asiakkaan toiveita vastaavasti.<\/p>\n<p>Sivuston korostettu selkeys, keveys sek\u00e4 k\u00e4ytt\u00e4j\u00e4yst\u00e4v\u00e4llisyys ovat olennaisia tavoitteita kotisivutoteutuksissani.<\/p>\n<p>Tarvittaessa huolehdin asiakkaan puolesta verkko-osoitteen (domain) varaamisesta, sek\u00e4 hankin tarvittavan internet-palvelintilan mahdollisimman kustannustehokkaalta palveluntarjoajalta.<\/p>\n<h4>Kotisivujen yll\u00e4pito<\/h4>\n<p>Sivustojen yll\u00e4pidot pyrit\u00e4\u00e4n tekem\u00e4\u00e4n mahdollisimman lyhyell\u00e4 viiveell\u00e4. Asiakas voi halutessaan itse yll\u00e4pit\u00e4\u00e4 h\u00e4nelle toteuttamiani kotisivuja, tai sivujen yll\u00e4pito voidaan j\u00e4tt\u00e4\u00e4 minun teht\u00e4v\u00e4kseni. P\u00e4\u00e4s\u00e4\u00e4nt\u00f6isesti sivujen yll\u00e4pidot laskutetaan tuntity\u00f6n\u00e4.<\/p>\n<p>Mik\u00e4li asiakas haluaa oppia itse yll\u00e4pit\u00e4m\u00e4\u00e4n omia kotisivujaan, annan tarvittaessa koulutuksen, sek\u00e4 toimitan yll\u00e4pitoon tarvittavat ilmaiset freeware\/open-source ohjelmat.<\/p>\n<h4>Sis\u00e4ll\u00f6nhallintaj\u00e4rjestelm\u00e4<\/h4>\n<p>Erityisesti laajojen, usein p\u00e4ivitett\u00e4vien sivustojen tarpeisiin on useimmiten tarkoituksenmukaisinta asentaa ja ottaa k\u00e4ytt\u00f6\u00f6n ns.sis\u00e4ll\u00f6nhallintaj\u00e4rjestelm\u00e4 (CMS).<\/p>\n<p>Tarvittaessa asennan ja konfiguroin asiakkaani k\u00e4ytt\u00f6\u00f6n tarpeeseen parhaiten soveltuvan ilmaisen<br \/>\nsis\u00e4ll\u00f6nhallintaj\u00e4rjestelm\u00e4n, jonka avulla laajojenkin sivustojen sis\u00e4ll\u00f6ntuotanto ja yll\u00e4pito on mahdollista tehd\u00e4 omatoimisesti.Ensisijaisesti kyseeseen tulee t\u00e4ll\u00f6in <a href=\"http:\/\/wordpress.org\" target=\"_blank\" rel=\"noopener noreferrer\">WordPress<\/a>, <a href=\"http:\/\/www.joomlaportal.fi\" target=\"_blank\" rel=\"noopener noreferrer\">Joomla<\/a> tai <a href=\"http:\/\/www.cmsmadesimple.org\" target=\"_blank\" rel=\"noopener noreferrer\">CMS Made Simple<\/a>, joiden kaikkien asennuksesta, k\u00e4ytt\u00f6\u00f6notosta ja konfiguroinneista minulla on kokemusta.<\/p>\n<h4>Verkkosovellukset<\/h4>\n<p>Lis\u00e4\u00e4 asentamistani verkkosovelluksista <a href=\"index.php?sivu=verkot&amp;kieli=fi\">Verkko- ja laiteratkaisut<\/a> sivulla.<\/p>\n","protected":false},"excerpt":{"rendered":"<p>WWW-TOTEUTUKSET Teen kotisivutoteutuksia, niin yritysten, yhteis\u00f6jen kuin yksityishenkil\u00f6idenkin tarpeisiin. Tavoitteena on toteuttaa kulloinenkin tekeill\u00e4 oleva sivusto mahdollisimman hyvin asiakkaan toiveita vastaavasti. Sivuston korostettu selkeys, keveys sek\u00e4 k\u00e4ytt\u00e4j\u00e4yst\u00e4v\u00e4llisyys ovat olennaisia tavoitteita kotisivutoteutuksissani. Tarvittaessa huolehdin asiakkaan puolesta verkko-osoitteen (domain) varaamisesta, sek\u00e4 hankin tarvittavan internet-palvelintilan mahdollisimman kustannustehokkaalta palveluntarjoajalta. Kotisivujen yll\u00e4pito Sivustojen yll\u00e4pidot pyrit\u00e4\u00e4n tekem\u00e4\u00e4n mahdollisimman lyhyell\u00e4 viiveell\u00e4. Asiakas [&hellip;]<\/p>\n","protected":false},"author":101011,"featured_media":0,"parent":0,"menu_order":0,"comment_status":"closed","ping_status":"closed","template":"","meta":{"footnotes":""},"class_list":["post-139","page","type-page","status-publish","hentry"],"_links":{"self":[{"href":"https:\/\/www.sakuweb.net\/index.php\/wp-json\/wp\/v2\/pages\/139","targetHints":{"allow":["GET"]}}],"collection":[{"href":"https:\/\/www.sakuweb.net\/index.php\/wp-json\/wp\/v2\/pages"}],"about":[{"href":"https:\/\/www.sakuweb.net\/index.php\/wp-json\/wp\/v2\/types\/page"}],"author":[{"embeddable":true,"href":"https:\/\/www.sakuweb.net\/index.php\/wp-json\/wp\/v2\/users\/101011"}],"replies":[{"embeddable":true,"href":"https:\/\/www.sakuweb.net\/index.php\/wp-json\/wp\/v2\/comments?post=139"}],"version-history":[{"count":3,"href":"https:\/\/www.sakuweb.net\/index.php\/wp-json\/wp\/v2\/pages\/139\/revisions"}],"predecessor-version":[{"id":198,"href":"https:\/\/www.sakuweb.net\/index.php\/wp-json\/wp\/v2\/pages\/139\/revisions\/198"}],"wp:attachment":[{"href":"https:\/\/www.sakuweb.net\/index.php\/wp-json\/wp\/v2\/media?parent=139"}],"curies":[{"name":"wp","href":"https:\/\/api.w.org\/{rel}","templated":true}]}}