{"id":128,"date":"2018-05-21T19:48:35","date_gmt":"2018-05-21T16:48:35","guid":{"rendered":"http:\/\/www.sakuweb.net\/?page_id=128"},"modified":"2026-01-14T10:54:34","modified_gmt":"2026-01-14T08:54:34","slug":"etusivu","status":"publish","type":"page","link":"https:\/\/www.sakuweb.net\/","title":{"rendered":"Etusivu"},"content":{"rendered":"<h3>T:MI SAKUWEB<\/h3>\n<p><b> Tietotekniikka- ja taittopalveluja vuodesta 2001 l\u00e4htien.<\/b><br \/>\nYrityksen toiminta perustuu yksiselitteisesti asiakasl\u00e4ht\u00f6isyyteen<br \/>\n&#8211; asiakkaan todellisten tarpeiden tunnistamiseen, sek\u00e4 niiden kustannustehokkaaseen t\u00e4ytt\u00e4miseen.<\/p>\n<p><b>WWW-TOTEUTUKSET<\/b><\/p>\n<p>Toteutan asiakkaitteni tarpeisiin erilaisia www-sivustoja,<br \/>\nsivustojen p\u00e4ivityksi\u00e4, sek\u00e4 verkkosovellusten asennuksia,<br \/>\nkonfigurointeja ja k\u00e4ytt\u00f6\u00f6nottoja.<br \/>\n<a href=\"http:\/\/www.sakuweb.net\/index.php\/www\/\">Lue lis\u00e4\u00e4&#8230;<\/a><\/p>\n<p><b>TAITTO<\/b><\/p>\n<p>Painot\u00f6iden toteutus asiakkaan materiaaleista valmiiksi painotuotteeksi.<br \/>\n<a href=\"index.php?sivu=taitto&amp;kieli=fi\">Lue lis\u00e4\u00e4&#8230;<\/a><\/p>\n<p><b>VERKKO- JA LAITERATKAISUT<\/b><br \/>\nSuoritan verkko- ja laitteistoyll\u00e4pitoa, sek\u00e4 erilaisten verkkoratkaisujen suunnittelua.<br \/>\n<a href=\"http:\/\/www.sakuweb.net\/index.php\/verkko-ja-laitteet\/\">Lue lis\u00e4\u00e4&#8230;<\/a><\/p>\n<table style=\"text-align: left; width: 530px;\" border=\"0\" cellspacing=\"2\" cellpadding=\"2\">\n<tbody>\n<tr>\n<td style=\"width: 160px;\"><\/td>\n<td style=\"width: 350px;\"><\/td>\n<\/tr>\n<tr>\n<td style=\"width: 160px;\"><\/td>\n<td style=\"width: 350px;\"><\/td>\n<\/tr>\n<tr>\n<td style=\"width: 160px;\"><\/td>\n<td style=\"width: 350px;\"><\/td>\n<\/tr>\n<tr>\n<td style=\"width: 160px;\"><\/td>\n<td style=\"width: 350px;\"><\/td>\n<\/tr>\n<\/tbody>\n<\/table>\n<p>&nbsp;<\/p>\n","protected":false},"excerpt":{"rendered":"<p>T:MI SAKUWEB Tietotekniikka- ja taittopalveluja vuodesta 2001 l\u00e4htien. Yrityksen toiminta perustuu yksiselitteisesti asiakasl\u00e4ht\u00f6isyyteen &#8211; asiakkaan todellisten tarpeiden tunnistamiseen, sek\u00e4 niiden kustannustehokkaaseen t\u00e4ytt\u00e4miseen. WWW-TOTEUTUKSET Toteutan asiakkaitteni tarpeisiin erilaisia www-sivustoja, sivustojen p\u00e4ivityksi\u00e4, sek\u00e4 verkkosovellusten asennuksia, konfigurointeja ja k\u00e4ytt\u00f6\u00f6nottoja. Lue lis\u00e4\u00e4&#8230; TAITTO Painot\u00f6iden toteutus asiakkaan materiaaleista valmiiksi painotuotteeksi. Lue lis\u00e4\u00e4&#8230; VERKKO- JA LAITERATKAISUT Suoritan verkko- ja laitteistoyll\u00e4pitoa, sek\u00e4 [&hellip;]<\/p>\n","protected":false},"author":101011,"featured_media":0,"parent":0,"menu_order":0,"comment_status":"closed","ping_status":"closed","template":"","meta":{"footnotes":""},"class_list":["post-128","page","type-page","status-publish","hentry"],"_links":{"self":[{"href":"https:\/\/www.sakuweb.net\/index.php\/wp-json\/wp\/v2\/pages\/128","targetHints":{"allow":["GET"]}}],"collection":[{"href":"https:\/\/www.sakuweb.net\/index.php\/wp-json\/wp\/v2\/pages"}],"about":[{"href":"https:\/\/www.sakuweb.net\/index.php\/wp-json\/wp\/v2\/types\/page"}],"author":[{"embeddable":true,"href":"https:\/\/www.sakuweb.net\/index.php\/wp-json\/wp\/v2\/users\/101011"}],"replies":[{"embeddable":true,"href":"https:\/\/www.sakuweb.net\/index.php\/wp-json\/wp\/v2\/comments?post=128"}],"version-history":[{"count":6,"href":"https:\/\/www.sakuweb.net\/index.php\/wp-json\/wp\/v2\/pages\/128\/revisions"}],"predecessor-version":[{"id":207,"href":"https:\/\/www.sakuweb.net\/index.php\/wp-json\/wp\/v2\/pages\/128\/revisions\/207"}],"wp:attachment":[{"href":"https:\/\/www.sakuweb.net\/index.php\/wp-json\/wp\/v2\/media?parent=128"}],"curies":[{"name":"wp","href":"https:\/\/api.w.org\/{rel}","templated":true}]}}